{"id":71,"date":"2018-12-18T05:59:47","date_gmt":"2018-12-18T05:59:47","guid":{"rendered":"https:\/\/fluentthemes.com\/wp\/appeasy\/app-demo-one\/?page_id=71"},"modified":"2024-04-08T21:52:11","modified_gmt":"2024-04-08T21:52:11","slug":"home","status":"publish","type":"page","link":"https:\/\/softmanagement.com.co\/pharos\/","title":{"rendered":"Home"},"content":{"rendered":"<div class=\"wpb-content-wrapper\"><p>[vc_row full_width=&#8221;stretch_row_content_no_spaces&#8221; css=&#8221;.vc_custom_1669444256529{background-position: center !important;background-repeat: no-repeat !important;background-size: contain !important;}&#8221; el_id=&#8221;home&#8221;][vc_column]\n\t<!-- Start Header Section-->\n\t<div style=\"background-image:url(https:\/\/softmanagement.com.co\/pharos\/wp-content\/uploads\/2019\/07\/ambient-header-min-2.png);background-size: contain;background-position: top;background-repeat: no-repeat;\" class=\"flehg dif-mobile-bg\">\n        <header class=\"header flehg header-section-one\"  >\n            <div class=\"container\">\n                <div class=\"row header-row\">\n                    <!-- Main title -->\n                    <div class=\"col-sm-12 col-md-6 align-self-center main-title\">\n\t\t\t\t\t\n                        <p class=\"light bold small main-suptitle sm-white heading1\">Soluci\u00f3n del portafolio de SoftManagement S.A.\u00a9<\/p>\n\t\t\t\t\t\t\n\t\t\t\t\t\n                        <h1 class=\"heading2 sm-white\">Pharos\u00ae - <span class='thin'>Sistema de Administraci\u00f3n de Seguros<\/span><\/h1>\n\t\t\t\t\t\t\n\t\t\t\t\t\n                        <!-- Buttons -->\n                        <a href=\"https:\/\/softmanagement.com.co\/pharos\/wp-content\/uploads\/2019\/09\/PPT-Pharos-2020.pdf\">\n                            <div class=\"button bg-color-1\">Descargue Brochure<\/div>\n                        <\/a>\n\t\t\t\t\t\t\n\t\t\t\t\t\t\t\n                    <\/div>\n                    <!-- Main title end -->\n\t\t\t\t\t\t\t\t\t\t\n                    <!-- Phone -->\n                    <div class=\"col-12 col-md-6 align-self-center header-macbook\">\n                        <img decoding=\"async\" class=\"jump\" src=\"https:\/\/softmanagement.com.co\/pharos\/wp-content\/uploads\/2019\/07\/macbook.png\" alt=\"\">\n                    <\/div>\n                    <!-- Phone end -->\n\t\t\t\t\t\t\t\n\t\t\t\t\t\n                <\/div>\n\t\t\t\t\t\t\t\t\n\t\t\t\t<!-- Tooltip -->\n                <a href=\"#features\">\n                    <div class=\"header-tooltip\"><i class=\"fas scroll-arrow bounce fa-angle-double-down\"><\/i>\n                        <p class=\"light thin small sm-white heading3\">Deslice hacia abajo<br \/>\ny conozca m\u00e1s<\/p>\n                    <\/div>\n                <\/a>\n                <!-- Tooltip end -->\n\t\t\t\t\t\t\t\t\n            <\/div>\n        <\/header>\n        <!-- End Header end -->\n\t\t<!-- How it works -->\n        <section  class=\"hiw p-90-35 flehg\">\n            <div class=\"line\"><\/div>\n            <div class=\"container\">\n                <!-- Section title -->\n                <div class=\"section-title sm-ac mb-70\">\n                    <p class=\"light bold small sec2_heading1\">Modalidad de Software como Servicio SaaS.<\/p>\n                    <h2 class=\"sec2_heading2\"><span class='thin'>Qu\u00e9 es<\/span> Pharos<\/h2>\n                    <p class=\"light thin sec2_heading3\">Plataforma Web integral, para la administraci\u00f3n de diferentes l\u00edneas de negocios y la comercializaci\u00f3n de distintas modalidades de seguros<\/p>\n                <\/div>\n                <!-- Section title end -->\n                <div class=\"row\">\n\t\t\t\t\n\t\t\t\t\n                    <!-- Item 1 -->\n                    <div class=\"col-6 col-sm-6 col-md-3 hiw-item mb-30\">\n                        <div class=\"bg-color-2 puls mb-30 fbox_step_number\" style=\"animation-delay: 0s\">1<\/div>\n                        <p class=\"bold fbox_title\">Una sola plataforma<\/p>\n                        <p class=\"light thin fbox_desc\">Agilidad para implementar nuevos productos y canales<\/p>\n                    <\/div>\n\t\t\t\t\n\t\t\t\t\n                    <!-- Item 2 -->\n                    <div class=\"col-6 col-sm-6 col-md-3 hiw-item mb-30\">\n                        <div class=\"bg-color-2 puls mb-30 fbox_step_number\" style=\"animation-delay: .75s\">2<\/div>\n                        <p class=\"bold fbox_title\">Multidominio y Multilenguaje<\/p>\n                        <p class=\"light thin fbox_desc\">Acepta todas las l\u00edneas del negocio<\/p>\n                    <\/div>\n\t\t\t\t\n\t\t\t\t\n                    <!-- Item 3 -->\n                    <div class=\"col-6 col-sm-6 col-md-3 hiw-item mb-30\">\n                        <div class=\"bg-color-2 puls mb-30 fbox_step_number\" style=\"animation-delay: 1.5s\">3<\/div>\n                        <p class=\"bold fbox_title\">Seguridad<\/p>\n                        <p class=\"light thin fbox_desc\">Soporte Local, Soluci\u00f3n Global Gestionada<\/p>\n                    <\/div>\n\t\t\t\t\t\n\t\t\t\t\t\n                    <!-- Item 4 -->\n                    <div class=\"col-6 col-sm-6 col-md-3 hiw-item mb-30\">\n                        <div class=\"bg-color-2 puls mb-30 fbox_step_number\" style=\"animation-delay: 2.25s\">4<\/div>\n                        <p class=\"bold fbox_title\">Multi-Tenant<\/p>\n                        <p class=\"light thin fbox_desc\">Integraci\u00f3n con m\u00faltiples canales<\/p>\n                    <\/div>\n\t\t\t\t\t\n                <\/div>\n            <\/div>\n        <\/section>\n\t\t<\/div>\n        <!-- How it works end -->\n\t\t\n<style>\n\n\n\n\n.header-section-one.flehg .bg-color-1{\n     background-image: linear-gradient(-180deg, #e51b43 0%, #dd6e6e 100%) !important; \n} \n\n\n\n\n\n\n\n.hiw.flehg .fbox_step_number{\n\tbackground-image: linear-gradient(-180deg, #e51b43 0%, #e51b43 100%);\n} \n\n\n\n\n<\/style>\n\n<style>\n@media (max-width: 768px){\n.dif-mobile-bg{\n    background-image: url(https:\/\/softmanagement.com.co\/pharos\/wp-content\/uploads\/2019\/07\/ambient-header-min-2.png) !important;\n}\n}\n<\/style>\n\n<style>\n.flehg .line{\n  top: 300px;\t\n}\n<\/style>\n[\/vc_column][\/vc_row][vc_row el_id=&#8221;features&#8221; el_class=&#8221;sm-tpadding&#8221;][vc_column]<!-- Start Headline Section-->\n       \n                <div class=\"section-title sm-ac p-15 mb-m5 iljkk\">\n                    <p class=\"light bold small headline1\">\u00danicos en el Mercado<\/p>\n                    <h2 class=\"headline2\">Nuestras <span class='thin'>Funcionalidades<\/span><\/h2>\n                    <p class=\"light thin headline3\">Utilizamos metodolog\u00edas y herramientas adecuadas para sus necesidades<\/p>\n                <\/div>\n\n        <!-- End Headline Section -->\n\t\t\n<style>\n\n\n\n<\/style>\n[vc_empty_space height=&#8221;55px&#8221;][\/vc_column][\/vc_row][vc_row][vc_column width=&#8221;1\/4&#8243;]<!-- Start Feature Box -->\n        <section class=\"features p-0-55 ponjm\">\n\n                    <!-- Features card  -->\n\n                        <div class=\"card-features\">\n                            <img decoding=\"async\" src=\"https:\/\/softmanagement.com.co\/pharos\/wp-content\/uploads\/2019\/09\/layer.png\" alt=\"icon\" class=\"jump\" style=\"animation-delay: 0s\" >\n                            <p class=\"bold title\">Configurable<\/p>\n                            <p class=\"light thin desc\">Plataforma integral de Softmanagement para la<br \/>\nadministracio\u0301n de seguros, totalmente configurable, dirigido a usuarios finales<\/p>\n                        <\/div>\n     \t\t\t\t\n\n        <\/section>\n        <!-- End Feature Box  -->\n\t\t\n<style>\n\n\n<\/style>\n[\/vc_column][vc_column width=&#8221;1\/4&#8243;]<!-- Start Feature Box -->\n        <section class=\"features p-0-55 mpjon\">\n\n                    <!-- Features card  -->\n\n                        <div class=\"card-features\">\n                            <img decoding=\"async\" src=\"https:\/\/softmanagement.com.co\/pharos\/wp-content\/uploads\/2019\/09\/data-complexity.png\" alt=\"icon\" class=\"jump\" style=\"animation-delay: 0.75s\" >\n                            <p class=\"bold title\">Unificaci\u00f3n<\/p>\n                            <p class=\"light thin desc\">Su Arquitectura unifica los conceptos del Negocio de Seguros, desarrollando un ELEMENT FRAMEWORK propio<\/p>\n                        <\/div>\n     \t\t\t\t\n\n        <\/section>\n        <!-- End Feature Box  -->\n\t\t\n<style>\n\n\n<\/style>\n[\/vc_column][vc_column width=&#8221;1\/4&#8243;]<!-- Start Feature Box -->\n        <section class=\"features p-0-55 pnmjo\">\n\n                    <!-- Features card  -->\n\n                        <div class=\"card-features\">\n                            <img decoding=\"async\" src=\"https:\/\/softmanagement.com.co\/pharos\/wp-content\/uploads\/2019\/09\/document.png\" alt=\"icon\" class=\"jump\" style=\"animation-delay: 1.5s\" >\n                            <p class=\"bold title\">Versatilidad<\/p>\n                            <p class=\"light thin desc\">Permite modelar contratos, productos, compan\u0303i\u0301as, cla\u0301usulas, propiedades, condiciones, roles y reglas de negocio<\/p>\n                        <\/div>\n     \t\t\t\t\n\n        <\/section>\n        <!-- End Feature Box  -->\n\t\t\n<style>\n\n\n<\/style>\n[\/vc_column][vc_column width=&#8221;1\/4&#8243;]<!-- Start Feature Box -->\n        <section class=\"features p-0-55 mjopn\">\n\n                    <!-- Features card  -->\n\n                        <div class=\"card-features\">\n                            <img decoding=\"async\" src=\"https:\/\/softmanagement.com.co\/pharos\/wp-content\/uploads\/2019\/09\/sharing.png\" alt=\"icon\" class=\"jump\" style=\"animation-delay: 2.25s\" >\n                            <p class=\"bold title\">Simplifica<\/p>\n                            <p class=\"light thin desc\">Maneja todos los procesos de negocio para los ramos sin necesidad de varias aplicaciones para las diferentes li\u0301neas<\/p>\n                        <\/div>\n     \t\t\t\t\n\n        <\/section>\n        <!-- End Feature Box  -->\n\t\t\n<style>\n\n\n<\/style>\n[\/vc_column][\/vc_row][vc_row full_width=&#8221;stretch_row_content_no_spaces&#8221;][vc_column][vc_empty_space height=&#8221;40px&#8221;]<!-- Start Video Section -->\n        <section class=\"video bg-animation p-90-60 itsqr\">\n            <div class=\"container\">\n                <div class=\"row\">\n                    <div class=\"col-12 col-sm-7 align-self-center mb-30\">\n                        <!-- Section title -->\n                        <div class=\"section-title\">\n                            <p class=\"white-light bold small heading1\">Conozca m\u00e1s<\/p>\n                            <h2 class=\"h1 white heading2\"><span class='thin'>Ver<\/span> Presentaci\u00f3n<span class='thin'> en Video<\/span><\/h2>\n                            <p class=\"white-light thin m-0 heading3\">En SoftManagement somos sus aliados tecnol\u00f3gicos<\/p>\n                        <\/div>\n                        <!-- Section title end -->\n                    <\/div>\n                    <!-- Play button -->\n                    <div class=\"col-12 col-sm-5 align-self-center mb-30\">\n                        <div class=\"play-frame play-rotate\"><\/div>\n                        <a href=\"https:\/\/youtu.be\/4Lj73i2-E6s\" data-lity>\n                            <div class=\"play-button bg-color-1\">\n                                <i class=\"fas fa-play\"><\/i>\n                            <\/div>\n                        <\/a>\n                    <\/div>\n                    <!-- Play button end -->\n                <\/div>\n            <\/div>\n        <\/section>\n        <!-- End Video Section  -->\n\t\t\n<style>\n\n.video.itsqr {\n    background-image: url(https:\/\/softmanagement.com.co\/pharos\/wp-content\/uploads\/2019\/09\/ambient-mini.jpg);\n}\n\n\n\n\n\n\n.video.itsqr .bg-color-1{\n\tbackground-image: linear-gradient(-180deg, #dd3333 0%, #dd7171 100%);\n} \n\n<\/style>\n[\/vc_column][\/vc_row][vc_row el_id=&#8221;about&#8221;][vc_column][vc_empty_space height=&#8221;48px&#8221;]<!-- Start Who We Are Section -->\n        <section  class=\"about about-1 p-30-30 xwuvh\">\n            <div class=\"container\">\n                <div class=\"row\">\n                    <!-- Text -->\n                    <div class=\"col-12 col-lg-5 order-lg-last mb-30 align-self-center\">\n                        <!-- Title -->\n                        <div class=\"section-title mb-30\">\n                            <p class=\"light bold small heading1\">Qu\u00e9 Ofrecemos<\/p>\n                            <h2 class=\"heading2\"><span class='thin'>Tenemos la soluci\u00f3n perfecta en<\/span> Sistemas de Seguros<\/h2>\n                        <\/div>\n                        <!-- Text -->\n                        <p class=\"light thin desc\">PHAROS es una plataforma integral para la administraci\u00f3n de seguros, dirigida a usuarios finales, que se destaca por ser totalmente configurable, siendo implementada directamente para operar sobre web.<\/p>\n<p>Hoy el dinamismo de las compa\u00f1\u00edas de seguros requiere de una aplicaci\u00f3n flexible que les permita afrontar con gran rapidez los requerimientos de competitividad del mercado, sin comprometer el desempe\u00f1o requerido para este tipo de negocios. Por eso al ser PHAROS un sistema configurable, permite lanzar nuevos productos al mercado de una forma muy eficiente y hacer cambios a los productos existentes, posicionando las compa\u00f1\u00edas por delante de su competencia.<\/p>\n<p>Pharos cubre varias l\u00edneas de negocio y permite la configuraci\u00f3n de productos Multi-riesgo que combinan no solo coberturas de la misma l\u00ednea, sino de diferentes l\u00edneas de negocio.<\/p>\n                        <!-- Buttons -->\n                        <a href=\"tel:571-6230811\">\n                            <div class=\"button bg-color-1\">Ll\u00e1menos<\/div>\n                        <\/a>\n                        <a class=\"gray link\" href=\"https:\/\/softmanagement.com.co\/pharos\/wp-content\/uploads\/2019\/09\/PPT-Pharos-2020.pdf\">Descargue brochure <i class=\"fas fa-chevron-right\"><\/i><\/a>\n                    <\/div>\n                    <!-- Ilustration -->\n                    <div class=\"col-12 col-lg-7 mb-30 pull-lg-7 align-self-center screens-1\">\n                        <img decoding=\"async\" src=\"https:\/\/softmanagement.com.co\/pharos\/wp-content\/uploads\/2019\/09\/Pharos.png\" class=\"jump\" alt=\"image\">\n                    <\/div>\n                <\/div>\n            <\/div>\n        <\/section>\n        <!-- End Who We Are Section  -->\n\t\t\n<style>\n\n\n\n\n.about.xwuvh .bg-color-1{\n    background-image: linear-gradient(-180deg, #db003a 0%, #96434e 100%) !important;\n}\n\n\n\n<\/style>\n[\/vc_column][\/vc_row][vc_row][vc_column]<!-- Start Who We Are Section -->\n        <section  class=\"about about-1 p-5-30 zbgya\">\n            <div class=\"container\">\n                <div class=\"row\">\n                    <!-- Text -->\n                    <div class=\"col-12 col-lg-5  mb-30 align-self-center\">\n                        <!-- Title -->\n                        <div class=\"section-title mb-30\">\n                            <p class=\"light bold small heading1\">#SomosSoftManagement<\/p>\n                            <h2 class=\"heading2\">Soluciones &amp; Servicios<\/h2>\n                        <\/div>\n                        <!-- Text -->\n                        <p class=\"light thin desc\">Como empresa de TI, vamos de la mano con la innovaci\u00f3n, las nuevas pr\u00e1cticas y el cambio constante de la tecnolog\u00eda, siempre buscando colocar todo ello al servicio de nuestros clientes.<\/p>\n                        <!-- Buttons -->\n                        <a href=\"https:\/\/www.softmanagement.com.co\/\">\n                            <div class=\"button bg-color-1\">M\u00e1s de SoftManagement<\/div>\n                        <\/a>\n                        <a class=\"gray link\" href=\"#\"> <i class=\"fas fa-chevron-right\"><\/i><\/a>\n                    <\/div>\n                    <!-- Ilustration -->\n                    <div class=\"col-12 col-lg-7 mb-30 align-self-center screens-1\">\n                        <img decoding=\"async\" src=\"https:\/\/softmanagement.com.co\/pharos\/wp-content\/uploads\/2019\/09\/AllIsometricJune1b-09.png\" class=\"jump\" alt=\"image\">\n                    <\/div>\n                <\/div>\n            <\/div>\n        <\/section>\n        <!-- End Who We Are Section  -->\n\t\t\n<style>\n\n\n\n\n.about.zbgya .bg-color-1{\n    background-image: linear-gradient(-180deg, #158084 0%, #3baaaa 100%) !important;\n}\n\n\n\n<\/style>\n[vc_empty_space height=&#8221;20px&#8221;][\/vc_column][\/vc_row][vc_row full_width=&#8221;stretch_row_content_no_spaces&#8221;][vc_column]<!-- Start Call to Action -->\n        <section class=\"call-to-action bg-animation p-90-60 jheig\"  style=\"background-image:url(https:\/\/softmanagement.com.co\/pharos\/wp-content\/uploads\/2019\/09\/ambient-mini-1.jpg)\">\n            <div class=\"container\">\n                <div class=\"row\">\n                    <div class=\"col-12 col-lg-7 align-self-center mb-30\">\n                        <!-- Section title -->\n                        <div class=\"section-title\">\n                            <p class=\"white-light bold small heading1\">Contrate Pharos y reciba m\u00faltiples beneficios<\/p>\n                            <h2 class=\"h1 white heading2\"><span class='thin'>Necesita<\/span> m\u00e1s informaci\u00f3n?<\/h2>\n                            <p class=\"white-light thin m-0 heading3\">Llame a nuestros asesores y agende una visita<\/p>\n                        <\/div>\n                        <!-- Section title end -->\n                    <\/div>\n                    <div class=\"col-12 col-lg-5 align-self-center mb-30\">\n\t\t\t\t\t\n                        <a href=\"tel:571-6230811\" class=\"m-0\" aria-haspopup=\"true\">\n                            <div class=\"button bg-color-1\">Llamar<\/div>\n                        <\/a>\n\t\t\t\t\t\t\n\t\t\t\t\t\n                        <a class=\"white-link m-0\" href=\"mailto:pfalla@softmanagement.com.co\" aria-haspopup=\"true\">Enviar mensaje <i class=\"fas fa-chevron-right\"><\/i><\/a>\n\t\t\t\t\t\n                    <\/div>\n                <\/div>\n            <\/div>\n        <\/section>\n        <!-- End Call to Action  -->\n\t\t\n<style>\n\n\n\n\n.call-to-action.jheig .bg-color-1{\n    background-image: linear-gradient(-180deg, #000000 0%, #5b5b5b 100%) !important;\n}\n\n\n\n.call-to-action.jheig .button.bg-color-1{\ncolor:#f9f9f9 !important;\n}\n\n<\/style>\n[\/vc_column][\/vc_row][vc_row el_id=&#8221;blog&#8221;][vc_column]<!-- Start Categorised Blog Section-->\n\t    <section class=\"blog p-55-60\">\n            <div class=\"container\">\n                <div class=\"row n-paddings\">\n\t\t\n                    <div class=\"col-12 col-lg-4 mb-48 mlr-24\">\n                        <!-- Blog card -->\n                        <a href=\"https:\/\/softmanagement.com.co\/pharos\/2018\/12\/17\/implementacion-software-gestion\/\">\n                            <div class=\"blog-card\">\n\t\t\t\t\t\t\t\n                                <div class=\"blog-frame\">\n                                    <div class=\"more-tooltip bg-color-1\"><i class=\"fas fa-link\"><\/i><\/div>\n                                    <div style=\"background-image:url(https:\/\/softmanagement.com.co\/pharos\/wp-content\/uploads\/2018\/12\/18907.png);\" class=\"img\"><\/div><\/div>\n\t\t\t\t\t\t\t\t\n                                <div class=\"blog-description\">\n                                    <p class=\"bold dark\">Claves para la implementaci\u00f3n de un Software de Gesti\u00f3n<\/p>\n                                    <p class=\"light thin montserrat\">\n\t\t\t\t\t\t\t\t\tA\u00fan existen empresas a las que les es muy dif\u00edcil amoldarse a las so...\n\t\t\t\t\n\t\t\t\t\t\t\t\t\t<\/p>\n                                <\/div>\n                            <\/div>\n                        <\/a>\n                    <\/div>\t\t\n\t\t\n                    <div class=\"col-12 col-lg-4 mb-48 mlr-24\">\n                        <!-- Blog card -->\n                        <a href=\"https:\/\/softmanagement.com.co\/pharos\/2018\/12\/17\/por-que-contratar-pharos\/\">\n                            <div class=\"blog-card\">\n\t\t\t\t\t\t\t\n                                <div class=\"blog-frame\">\n                                    <div class=\"more-tooltip bg-color-1\"><i class=\"fas fa-link\"><\/i><\/div>\n                                    <div style=\"background-image:url(https:\/\/softmanagement.com.co\/pharos\/wp-content\/uploads\/2018\/12\/18907-1.png);\" class=\"img\"><\/div><\/div>\n\t\t\t\t\t\t\t\t\n                                <div class=\"blog-description\">\n                                    <p class=\"bold dark\">Por qu\u00e9 contratar PHAROS<\/p>\n                                    <p class=\"light thin montserrat\">\n\t\t\t\t\t\t\t\t\tHoy el dinamismo de las compa\u00f1\u00edas de seguros requiere de una aplicac...\n\t\t\t\t\n\t\t\t\t\t\t\t\t\t<\/p>\n                                <\/div>\n                            <\/div>\n                        <\/a>\n                    <\/div>\t\t\n\t\t\n                    <div class=\"col-12 col-lg-4 mb-48 mlr-24\">\n                        <!-- Blog card -->\n                        <a href=\"https:\/\/softmanagement.com.co\/pharos\/2018\/12\/17\/iot-ayuda-a-las-aseguradoras-a-unir-los-puntos\/\">\n                            <div class=\"blog-card\">\n\t\t\t\t\t\t\t\n                                <div class=\"blog-frame\">\n                                    <div class=\"more-tooltip bg-color-1\"><i class=\"fas fa-link\"><\/i><\/div>\n                                    <div style=\"background-image:url(https:\/\/softmanagement.com.co\/pharos\/wp-content\/uploads\/2018\/12\/450-Converted.png);\" class=\"img\"><\/div><\/div>\n\t\t\t\t\t\t\t\t\n                                <div class=\"blog-description\">\n                                    <p class=\"bold dark\">IoT ayuda a las aseguradoras a unir los puntos<\/p>\n                                    <p class=\"light thin montserrat\">\n\t\t\t\t\t\t\t\t\tEl valor de Internet de las cosas (IoT) para la industria de seguros s...\n\t\t\t\t\n\t\t\t\t\t\t\t\t\t<\/p>\n                                <\/div>\n                            <\/div>\n                        <\/a>\n                    <\/div>\t\t\n\t\t\t\n\t\t        <\/div>\n            <\/div>\n        <\/section>\n        <!-- End Categorised Blog Section  -->\n\t\t[\/vc_column][\/vc_row][vc_row full_width=&#8221;stretch_row_content_no_spaces&#8221;][vc_column][vc_separator color=&#8221;custom&#8221; border_width=&#8221;2&#8243; accent_color=&#8221;#651aaf&#8221;][\/vc_column][\/vc_row][vc_row][vc_column width=&#8221;1\/3&#8243;][vc_empty_space][vc_single_image image=&#8221;518&#8243; img_size=&#8221;medium&#8221;][\/vc_column][vc_column width=&#8221;1\/3&#8243;][vc_column_text]<\/p>\n<p style=\"text-align: center;\"><a href=\"https:\/\/g.page\/SoftManagement?share\" target=\"_blank\" rel=\"noopener\"><span class=\"elementor-icon-list-text\">Av. Carrera 45 N\u00ba 108-27 Torre 1 Of 1008\u00a0<\/span><\/a><\/p>\n<p style=\"text-align: center;\"><a href=\"https:\/\/g.page\/SoftManagement?share\" target=\"_blank\" rel=\"noopener\"><span class=\"elementor-icon-list-text\">Centro Empresarial Paralelo 108 Bogot\u00e1, Colombia<\/span><\/a><\/p>\n<p style=\"text-align: center;\">(57) 601 623 0811<\/p>\n<p style=\"text-align: center;\">pfalla@softmanagement.com.co<\/p>\n<p>[\/vc_column_text][\/vc_column][vc_column width=&#8221;1\/3&#8243;][vc_column_text]<\/p>\n<p style=\"text-align: center;\"><span style=\"color: #ff0000;\"><strong>Pharos<\/strong><\/span><\/p>\n<p style=\"text-align: center;\">Soluci\u00f3n desarrollada por<\/p>\n<p style=\"text-align: center;\"><strong><span style=\"color: #800080;\">SoftManagement S.A.<\/span><\/strong><\/p>\n<p>[\/vc_column_text][\/vc_column][\/vc_row]<\/p>\n<\/div>","protected":false},"excerpt":{"rendered":"<p>[vc_row full_width=&#8221;stretch_row_content_no_spaces&#8221; css=&#8221;.vc_custom_1669444256529{background-position: center !important;background-repeat: no-repeat !important;background-size: contain !important;}&#8221; el_id=&#8221;home&#8221;][vc_column][\/vc_column][\/vc_row][vc_row el_id=&#8221;features&#8221; el_class=&#8221;sm-tpadding&#8221;][vc_column][vc_empty_space height=&#8221;55px&#8221;][\/vc_column][\/vc_row][vc_row][vc_column width=&#8221;1\/4&#8243;][\/vc_column][vc_column width=&#8221;1\/4&#8243;][\/vc_column][vc_column width=&#8221;1\/4&#8243;][\/vc_column][vc_column width=&#8221;1\/4&#8243;][\/vc_column][\/vc_row][vc_row full_width=&#8221;stretch_row_content_no_spaces&#8221;][vc_column][vc_empty_space height=&#8221;40px&#8221;][\/vc_column][\/vc_row][vc_row el_id=&#8221;about&#8221;][vc_column][vc_empty_space height=&#8221;48px&#8221;][\/vc_column][\/vc_row][vc_row][vc_column][vc_empty_space height=&#8221;20px&#8221;][\/vc_column][\/vc_row][vc_row full_width=&#8221;stretch_row_content_no_spaces&#8221;][vc_column][\/vc_column][\/vc_row][vc_row el_id=&#8221;blog&#8221;][vc_column][\/vc_column][\/vc_row][vc_row full_width=&#8221;stretch_row_content_no_spaces&#8221;][vc_column][vc_separator color=&#8221;custom&#8221; border_width=&#8221;2&#8243; accent_color=&#8221;#651aaf&#8221;][\/vc_column][\/vc_row][vc_row][vc_column width=&#8221;1\/3&#8243;][vc_empty_space][vc_single_image image=&#8221;518&#8243; img_size=&#8221;medium&#8221;][\/vc_column][vc_column width=&#8221;1\/3&#8243;][vc_column_text] Av. Carrera 45 N\u00ba 108-27 Torre 1 Of 1008\u00a0 Centro Empresarial Paralelo 108 Bogot\u00e1, Colombia (57) 601 623 0811 pfalla@softmanagement.com.co [\/vc_column_text][\/vc_column][vc_column width=&#8221;1\/3&#8243;][vc_column_text] Pharos [&hellip;]<\/p>\n","protected":false},"author":1,"featured_media":0,"parent":0,"menu_order":0,"comment_status":"closed","ping_status":"closed","template":"page-vc.php","meta":{"footnotes":""},"class_list":["post-71","page","type-page","status-publish","hentry"],"_links":{"self":[{"href":"https:\/\/softmanagement.com.co\/pharos\/wp-json\/wp\/v2\/pages\/71","targetHints":{"allow":["GET"]}}],"collection":[{"href":"https:\/\/softmanagement.com.co\/pharos\/wp-json\/wp\/v2\/pages"}],"about":[{"href":"https:\/\/softmanagement.com.co\/pharos\/wp-json\/wp\/v2\/types\/page"}],"author":[{"embeddable":true,"href":"https:\/\/softmanagement.com.co\/pharos\/wp-json\/wp\/v2\/users\/1"}],"replies":[{"embeddable":true,"href":"https:\/\/softmanagement.com.co\/pharos\/wp-json\/wp\/v2\/comments?post=71"}],"version-history":[{"count":3,"href":"https:\/\/softmanagement.com.co\/pharos\/wp-json\/wp\/v2\/pages\/71\/revisions"}],"predecessor-version":[{"id":634,"href":"https:\/\/softmanagement.com.co\/pharos\/wp-json\/wp\/v2\/pages\/71\/revisions\/634"}],"wp:attachment":[{"href":"https:\/\/softmanagement.com.co\/pharos\/wp-json\/wp\/v2\/media?parent=71"}],"curies":[{"name":"wp","href":"https:\/\/api.w.org\/{rel}","templated":true}]}}